{"id":1630,"date":"2024-06-26T08:30:08","date_gmt":"2024-06-26T08:30:08","guid":{"rendered":"https:\/\/terradasideias.net\/teatro-cornucopia\/?page_id=1630"},"modified":"2024-07-15T15:40:04","modified_gmt":"2024-07-15T15:40:04","slug":"teatro-do-bairro-alto","status":"publish","type":"page","link":"https:\/\/terradasideias.net\/teatro-cornucopia\/","title":{"rendered":"TEATRO DO BAIRRO ALTO: a Casa"},"content":{"rendered":"\t\t<div data-elementor-type=\"wp-page\" data-elementor-id=\"1630\" class=\"elementor elementor-1630\" data-elementor-post-type=\"page\">\n\t\t\t\t<div class=\"elementor-element elementor-element-8c7bacd e-flex e-con-boxed e-con e-parent\" data-id=\"8c7bacd\" data-element_type=\"container\" data-e-type=\"container\">\n\t\t\t\t\t<div class=\"e-con-inner\">\n\t\t<div class=\"elementor-element elementor-element-d5d6e26 e-con-full e-flex e-con e-child\" data-id=\"d5d6e26\" data-element_type=\"container\" data-e-type=\"container\">\n\t\t<div class=\"elementor-element elementor-element-3fcaf50 e-con-full e-flex e-con e-child\" data-id=\"3fcaf50\" data-element_type=\"container\" data-e-type=\"container\">\n\t\t\t\t<div class=\"elementor-element elementor-element-77848e5 elementor-widget elementor-widget-heading\" data-id=\"77848e5\" data-element_type=\"widget\" data-e-type=\"widget\" data-widget_type=\"heading.default\">\n\t\t\t\t<div class=\"elementor-widget-container\">\n\t\t\t\t\t<h2 class=\"elementor-heading-title elementor-size-default\">Teatro do Bairro Alto: \nA Casa<\/h2>\t\t\t\t<\/div>\n\t\t\t\t<\/div>\n\t\t\t\t<\/div>\n\t\t<div class=\"elementor-element elementor-element-cd80504 e-con-full e-flex e-con e-child\" data-id=\"cd80504\" data-element_type=\"container\" data-e-type=\"container\">\n\t\t\t\t<div class=\"elementor-element elementor-element-bafdbc2 elementor-icon-list--layout-traditional elementor-list-item-link-full_width elementor-widget elementor-widget-icon-list\" data-id=\"bafdbc2\" data-element_type=\"widget\" data-e-type=\"widget\" data-widget_type=\"icon-list.default\">\n\t\t\t\t<div class=\"elementor-widget-container\">\n\t\t\t\t\t\t\t<ul class=\"elementor-icon-list-items\">\n\t\t\t\t\t\t\t<li class=\"elementor-icon-list-item\">\n\t\t\t\t\t\t\t\t\t\t\t<a href=\"https:\/\/terradasideias.net\/teatro-cornucopia\/\">\n\n\t\t\t\t\t\t\t\t\t\t\t\t<span class=\"elementor-icon-list-icon\">\n\t\t\t\t\t\t\t<svg aria-hidden=\"true\" class=\"e-font-icon-svg e-fas-circle\" viewBox=\"0 0 512 512\" xmlns=\"http:\/\/www.w3.org\/2000\/svg\"><path d=\"M256 8C119 8 8 119 8 256s111 248 248 248 248-111 248-248S393 8 256 8z\"><\/path><\/svg>\t\t\t\t\t\t<\/span>\n\t\t\t\t\t\t\t\t\t\t<span class=\"elementor-icon-list-text\">Teatro do Bairro Alto<\/span>\n\t\t\t\t\t\t\t\t\t\t\t<\/a>\n\t\t\t\t\t\t\t\t\t<\/li>\n\t\t\t\t\t\t\t\t<li class=\"elementor-icon-list-item\">\n\t\t\t\t\t\t\t\t\t\t\t<a href=\"https:\/\/terradasideias.net\/teatro-cornucopia\/index.php\/localizacao\/\">\n\n\t\t\t\t\t\t\t\t\t\t\t\t<span class=\"elementor-icon-list-icon\">\n\t\t\t\t\t\t\t<svg aria-hidden=\"true\" class=\"e-font-icon-svg e-fas-circle\" viewBox=\"0 0 512 512\" xmlns=\"http:\/\/www.w3.org\/2000\/svg\"><path d=\"M256 8C119 8 8 119 8 256s111 248 248 248 248-111 248-248S393 8 256 8z\"><\/path><\/svg>\t\t\t\t\t\t<\/span>\n\t\t\t\t\t\t\t\t\t\t<span class=\"elementor-icon-list-text\">Localiza\u00e7\u00e3o<\/span>\n\t\t\t\t\t\t\t\t\t\t\t<\/a>\n\t\t\t\t\t\t\t\t\t<\/li>\n\t\t\t\t\t\t<\/ul>\n\t\t\t\t\t\t<\/div>\n\t\t\t\t<\/div>\n\t\t\t\t<\/div>\n\t\t\t\t<\/div>\n\t\t<div class=\"elementor-element elementor-element-6c0f519 e-con-full e-flex e-con e-child\" data-id=\"6c0f519\" data-element_type=\"container\" data-e-type=\"container\">\n\t\t<div class=\"elementor-element elementor-element-f1fc1d8 e-con-full e-flex e-con e-child\" data-id=\"f1fc1d8\" data-element_type=\"container\" data-e-type=\"container\">\n\t\t\t\t<div class=\"elementor-element elementor-element-fea8f83 elementor-widget elementor-widget-heading\" data-id=\"fea8f83\" data-element_type=\"widget\" data-e-type=\"widget\" data-widget_type=\"heading.default\">\n\t\t\t\t<div class=\"elementor-widget-container\">\n\t\t\t\t\t<h2 class=\"elementor-heading-title elementor-size-default\">Teatro do Bairro Alto<\/h2>\t\t\t\t<\/div>\n\t\t\t\t<\/div>\n\t\t\t\t<div class=\"elementor-element elementor-element-7116868 elementor-widget elementor-widget-image\" data-id=\"7116868\" data-element_type=\"widget\" data-e-type=\"widget\" data-widget_type=\"image.default\">\n\t\t\t\t<div class=\"elementor-widget-container\">\n\t\t\t\t\t\t\t\t\t\t\t\t\t\t\t<img fetchpriority=\"high\" decoding=\"async\" width=\"800\" height=\"273\" src=\"https:\/\/terradasideias.net\/teatro-cornucopia\/wp-content\/uploads\/2024\/06\/Untitled-design-5-1024x349.png\" class=\"attachment-large size-large wp-image-1636\" alt=\"\" srcset=\"https:\/\/terradasideias.net\/teatro-cornucopia\/wp-content\/uploads\/2024\/06\/Untitled-design-5-1024x349.png 1024w, https:\/\/terradasideias.net\/teatro-cornucopia\/wp-content\/uploads\/2024\/06\/Untitled-design-5-300x102.png 300w, https:\/\/terradasideias.net\/teatro-cornucopia\/wp-content\/uploads\/2024\/06\/Untitled-design-5-768x262.png 768w, https:\/\/terradasideias.net\/teatro-cornucopia\/wp-content\/uploads\/2024\/06\/Untitled-design-5-1536x524.png 1536w, https:\/\/terradasideias.net\/teatro-cornucopia\/wp-content\/uploads\/2024\/06\/Untitled-design-5-2048x698.png 2048w\" sizes=\"(max-width: 800px) 100vw, 800px\" \/>\t\t\t\t\t\t\t\t\t\t\t\t\t\t\t<\/div>\n\t\t\t\t<\/div>\n\t\t\t\t<\/div>\n\t\t\t\t<div class=\"elementor-element elementor-element-ac93ca7 elementor-widget elementor-widget-text-editor\" data-id=\"ac93ca7\" data-element_type=\"widget\" data-e-type=\"widget\" data-widget_type=\"text-editor.default\">\n\t\t\t\t<div class=\"elementor-widget-container\">\n\t\t\t\t\t\t\t\t\t<p>O Teatro do Bairro Alto (antigo Centro de Amadores de Ballet) foi, desde o in\u00edcio de 1975 at\u00e9 ao final de 2016, a sede do Teatro da Cornuc\u00f3pia. Este espa\u00e7o foi cedido \u00e0 Companhia pelo seu propriet\u00e1rio Dr. Machado de Macedo, por interm\u00e9dio do ent\u00e3o Secret\u00e1rio de Estado da Cultura Dr. Jo\u00e3o de Freitas Branco. O nome de Teatro do Bairro Alto foi-lhe atribu\u00eddo pela Companhia, em homenagem ao teatro de bonifrates de Ant\u00f3nio Jos\u00e9 da Silva (o Judeu), apesar da sua localiza\u00e7\u00e3o n\u00e3o ser exactamente no chamado Bairro Alto de Lisboa.<\/p><p>Por duas vezes teve grandes obras de melhoramentos subsidiadas pelo Estado: em 1986\/87 (com apoio da Funda\u00e7\u00e3o Calouste Gulbenkian) e em 2001, sempre da responsabilidade da Companhia que igualmente assegurou os necess\u00e1rios trabalhos de conserva\u00e7\u00e3o enquanto aquele espa\u00e7o foi a sua casa.<\/p>\t\t\t\t\t\t\t\t<\/div>\n\t\t\t\t<\/div>\n\t\t\t\t<div class=\"elementor-element elementor-element-83e9592 elementor-widget elementor-widget-image\" data-id=\"83e9592\" data-element_type=\"widget\" data-e-type=\"widget\" data-widget_type=\"image.default\">\n\t\t\t\t<div class=\"elementor-widget-container\">\n\t\t\t\t\t\t\t\t\t\t\t\t\t\t\t<img decoding=\"async\" width=\"750\" height=\"452\" src=\"https:\/\/terradasideias.net\/teatro-cornucopia\/wp-content\/uploads\/2024\/06\/02planta.jpg\" class=\"attachment-large size-large wp-image-1634\" alt=\"\" srcset=\"https:\/\/terradasideias.net\/teatro-cornucopia\/wp-content\/uploads\/2024\/06\/02planta.jpg 750w, https:\/\/terradasideias.net\/teatro-cornucopia\/wp-content\/uploads\/2024\/06\/02planta-300x181.jpg 300w\" sizes=\"(max-width: 750px) 100vw, 750px\" \/>\t\t\t\t\t\t\t\t\t\t\t\t\t\t\t<\/div>\n\t\t\t\t<\/div>\n\t\t\t\t<\/div>\n\t\t\t\t\t<\/div>\n\t\t\t\t<\/div>\n\t\t\t\t<\/div>\n\t\t","protected":false},"excerpt":{"rendered":"<p>Teatro do Bairro Alto: A Casa Teatro do Bairro Alto Localiza\u00e7\u00e3o Teatro do Bairro Alto O Teatro do Bairro Alto (antigo Centro de Amadores de Ballet) foi, desde o in\u00edcio de 1975 at\u00e9 ao final de 2016, a sede do Teatro da Cornuc\u00f3pia. Este espa\u00e7o foi cedido \u00e0 Companhia pelo seu propriet\u00e1rio Dr. Machado de [&hellip;]<\/p>\n","protected":false},"author":1,"featured_media":0,"parent":0,"menu_order":0,"comment_status":"closed","ping_status":"closed","template":"","meta":{"_uag_custom_page_level_css":"","footnotes":""},"folder":[],"class_list":["post-1630","page","type-page","status-publish","hentry"],"yoast_head":"<!-- This site is optimized with the Yoast SEO plugin v27.5 - https:\/\/yoast.com\/product\/yoast-seo-wordpress\/ -->\n<title>TEATRO DO BAIRRO ALTO: a Casa - Teatro da Cornuc\u00f3pia<\/title>\n<meta name=\"robots\" content=\"index, follow, max-snippet:-1, max-image-preview:large, max-video-preview:-1\" \/>\n<link rel=\"canonical\" href=\"https:\/\/terradasideias.net\/teatro-cornucopia\/\" \/>\n<meta property=\"og:locale\" content=\"en_US\" \/>\n<meta property=\"og:type\" content=\"article\" \/>\n<meta property=\"og:title\" content=\"TEATRO DO BAIRRO ALTO: a Casa - Teatro da Cornuc\u00f3pia\" \/>\n<meta property=\"og:description\" content=\"Teatro do Bairro Alto: A Casa Teatro do Bairro Alto Localiza\u00e7\u00e3o Teatro do Bairro Alto O Teatro do Bairro Alto (antigo Centro de Amadores de Ballet) foi, desde o in\u00edcio de 1975 at\u00e9 ao final de 2016, a sede do Teatro da Cornuc\u00f3pia. Este espa\u00e7o foi cedido \u00e0 Companhia pelo seu propriet\u00e1rio Dr. Machado de [&hellip;]\" \/>\n<meta property=\"og:url\" content=\"https:\/\/terradasideias.net\/teatro-cornucopia\/\" \/>\n<meta property=\"og:site_name\" content=\"Teatro da Cornuc\u00f3pia\" \/>\n<meta property=\"article:modified_time\" content=\"2024-07-15T15:40:04+00:00\" \/>\n<meta property=\"og:image\" content=\"https:\/\/terradasideias.net\/teatro-cornucopia\/wp-content\/uploads\/2024\/06\/Untitled-design-5-1024x349.png\" \/>\n<meta name=\"twitter:card\" content=\"summary_large_image\" \/>\n<meta name=\"twitter:label1\" content=\"Est. reading time\" \/>\n\t<meta name=\"twitter:data1\" content=\"2 minutes\" \/>\n<script type=\"application\/ld+json\" class=\"yoast-schema-graph\">{\"@context\":\"https:\\\/\\\/schema.org\",\"@graph\":[{\"@type\":\"WebPage\",\"@id\":\"https:\\\/\\\/terradasideias.net\\\/teatro-cornucopia\\\/\",\"url\":\"https:\\\/\\\/terradasideias.net\\\/teatro-cornucopia\\\/\",\"name\":\"TEATRO DO BAIRRO ALTO: a Casa - Teatro da Cornuc\u00f3pia\",\"isPartOf\":{\"@id\":\"https:\\\/\\\/terradasideias.net\\\/teatro-cornucopia\\\/#website\"},\"primaryImageOfPage\":{\"@id\":\"https:\\\/\\\/terradasideias.net\\\/teatro-cornucopia\\\/#primaryimage\"},\"image\":{\"@id\":\"https:\\\/\\\/terradasideias.net\\\/teatro-cornucopia\\\/#primaryimage\"},\"thumbnailUrl\":\"https:\\\/\\\/terradasideias.net\\\/teatro-cornucopia\\\/wp-content\\\/uploads\\\/2024\\\/06\\\/Untitled-design-5-1024x349.png\",\"datePublished\":\"2024-06-26T08:30:08+00:00\",\"dateModified\":\"2024-07-15T15:40:04+00:00\",\"breadcrumb\":{\"@id\":\"https:\\\/\\\/terradasideias.net\\\/teatro-cornucopia\\\/#breadcrumb\"},\"inLanguage\":\"en-US\",\"potentialAction\":[{\"@type\":\"ReadAction\",\"target\":[\"https:\\\/\\\/terradasideias.net\\\/teatro-cornucopia\\\/\"]}]},{\"@type\":\"ImageObject\",\"inLanguage\":\"en-US\",\"@id\":\"https:\\\/\\\/terradasideias.net\\\/teatro-cornucopia\\\/#primaryimage\",\"url\":\"https:\\\/\\\/terradasideias.net\\\/teatro-cornucopia\\\/wp-content\\\/uploads\\\/2024\\\/06\\\/Untitled-design-5.png\",\"contentUrl\":\"https:\\\/\\\/terradasideias.net\\\/teatro-cornucopia\\\/wp-content\\\/uploads\\\/2024\\\/06\\\/Untitled-design-5.png\",\"width\":6912,\"height\":2357},{\"@type\":\"BreadcrumbList\",\"@id\":\"https:\\\/\\\/terradasideias.net\\\/teatro-cornucopia\\\/#breadcrumb\",\"itemListElement\":[{\"@type\":\"ListItem\",\"position\":1,\"name\":\"In\u00edcio\",\"item\":\"https:\\\/\\\/terradasideias.net\\\/teatro-cornucopia\\\/\"},{\"@type\":\"ListItem\",\"position\":2,\"name\":\"TEATRO DO BAIRRO ALTO: a Casa\"}]},{\"@type\":\"WebSite\",\"@id\":\"https:\\\/\\\/terradasideias.net\\\/teatro-cornucopia\\\/#website\",\"url\":\"https:\\\/\\\/terradasideias.net\\\/teatro-cornucopia\\\/\",\"name\":\"Teatro da Cornuc\u00f3pia\",\"description\":\"\",\"publisher\":{\"@id\":\"https:\\\/\\\/terradasideias.net\\\/teatro-cornucopia\\\/#organization\"},\"potentialAction\":[{\"@type\":\"SearchAction\",\"target\":{\"@type\":\"EntryPoint\",\"urlTemplate\":\"https:\\\/\\\/terradasideias.net\\\/teatro-cornucopia\\\/?s={search_term_string}\"},\"query-input\":{\"@type\":\"PropertyValueSpecification\",\"valueRequired\":true,\"valueName\":\"search_term_string\"}}],\"inLanguage\":\"en-US\"},{\"@type\":\"Organization\",\"@id\":\"https:\\\/\\\/terradasideias.net\\\/teatro-cornucopia\\\/#organization\",\"name\":\"Teatro da Cornuc\u00f3pia\",\"url\":\"https:\\\/\\\/terradasideias.net\\\/teatro-cornucopia\\\/\",\"logo\":{\"@type\":\"ImageObject\",\"inLanguage\":\"en-US\",\"@id\":\"https:\\\/\\\/terradasideias.net\\\/teatro-cornucopia\\\/#\\\/schema\\\/logo\\\/image\\\/\",\"url\":\"https:\\\/\\\/terradasideias.net\\\/teatro-cornucopia\\\/wp-content\\\/uploads\\\/2024\\\/05\\\/logo-Teatro-da-cornucopiaC-positivo-vermelho.svg\",\"contentUrl\":\"https:\\\/\\\/terradasideias.net\\\/teatro-cornucopia\\\/wp-content\\\/uploads\\\/2024\\\/05\\\/logo-Teatro-da-cornucopiaC-positivo-vermelho.svg\",\"width\":804,\"height\":358,\"caption\":\"Teatro da Cornuc\u00f3pia\"},\"image\":{\"@id\":\"https:\\\/\\\/terradasideias.net\\\/teatro-cornucopia\\\/#\\\/schema\\\/logo\\\/image\\\/\"}}]}<\/script>\n<!-- \/ Yoast SEO plugin. -->","yoast_head_json":{"title":"TEATRO DO BAIRRO ALTO: a Casa - Teatro da Cornuc\u00f3pia","robots":{"index":"index","follow":"follow","max-snippet":"max-snippet:-1","max-image-preview":"max-image-preview:large","max-video-preview":"max-video-preview:-1"},"canonical":"https:\/\/terradasideias.net\/teatro-cornucopia\/","og_locale":"en_US","og_type":"article","og_title":"TEATRO DO BAIRRO ALTO: a Casa - Teatro da Cornuc\u00f3pia","og_description":"Teatro do Bairro Alto: A Casa Teatro do Bairro Alto Localiza\u00e7\u00e3o Teatro do Bairro Alto O Teatro do Bairro Alto (antigo Centro de Amadores de Ballet) foi, desde o in\u00edcio de 1975 at\u00e9 ao final de 2016, a sede do Teatro da Cornuc\u00f3pia. Este espa\u00e7o foi cedido \u00e0 Companhia pelo seu propriet\u00e1rio Dr. Machado de [&hellip;]","og_url":"https:\/\/terradasideias.net\/teatro-cornucopia\/","og_site_name":"Teatro da Cornuc\u00f3pia","article_modified_time":"2024-07-15T15:40:04+00:00","og_image":[{"url":"https:\/\/terradasideias.net\/teatro-cornucopia\/wp-content\/uploads\/2024\/06\/Untitled-design-5-1024x349.png","type":"","width":"","height":""}],"twitter_card":"summary_large_image","twitter_misc":{"Est. reading time":"2 minutes"},"schema":{"@context":"https:\/\/schema.org","@graph":[{"@type":"WebPage","@id":"https:\/\/terradasideias.net\/teatro-cornucopia\/","url":"https:\/\/terradasideias.net\/teatro-cornucopia\/","name":"TEATRO DO BAIRRO ALTO: a Casa - Teatro da Cornuc\u00f3pia","isPartOf":{"@id":"https:\/\/terradasideias.net\/teatro-cornucopia\/#website"},"primaryImageOfPage":{"@id":"https:\/\/terradasideias.net\/teatro-cornucopia\/#primaryimage"},"image":{"@id":"https:\/\/terradasideias.net\/teatro-cornucopia\/#primaryimage"},"thumbnailUrl":"https:\/\/terradasideias.net\/teatro-cornucopia\/wp-content\/uploads\/2024\/06\/Untitled-design-5-1024x349.png","datePublished":"2024-06-26T08:30:08+00:00","dateModified":"2024-07-15T15:40:04+00:00","breadcrumb":{"@id":"https:\/\/terradasideias.net\/teatro-cornucopia\/#breadcrumb"},"inLanguage":"en-US","potentialAction":[{"@type":"ReadAction","target":["https:\/\/terradasideias.net\/teatro-cornucopia\/"]}]},{"@type":"ImageObject","inLanguage":"en-US","@id":"https:\/\/terradasideias.net\/teatro-cornucopia\/#primaryimage","url":"https:\/\/terradasideias.net\/teatro-cornucopia\/wp-content\/uploads\/2024\/06\/Untitled-design-5.png","contentUrl":"https:\/\/terradasideias.net\/teatro-cornucopia\/wp-content\/uploads\/2024\/06\/Untitled-design-5.png","width":6912,"height":2357},{"@type":"BreadcrumbList","@id":"https:\/\/terradasideias.net\/teatro-cornucopia\/#breadcrumb","itemListElement":[{"@type":"ListItem","position":1,"name":"In\u00edcio","item":"https:\/\/terradasideias.net\/teatro-cornucopia\/"},{"@type":"ListItem","position":2,"name":"TEATRO DO BAIRRO ALTO: a Casa"}]},{"@type":"WebSite","@id":"https:\/\/terradasideias.net\/teatro-cornucopia\/#website","url":"https:\/\/terradasideias.net\/teatro-cornucopia\/","name":"Teatro da Cornuc\u00f3pia","description":"","publisher":{"@id":"https:\/\/terradasideias.net\/teatro-cornucopia\/#organization"},"potentialAction":[{"@type":"SearchAction","target":{"@type":"EntryPoint","urlTemplate":"https:\/\/terradasideias.net\/teatro-cornucopia\/?s={search_term_string}"},"query-input":{"@type":"PropertyValueSpecification","valueRequired":true,"valueName":"search_term_string"}}],"inLanguage":"en-US"},{"@type":"Organization","@id":"https:\/\/terradasideias.net\/teatro-cornucopia\/#organization","name":"Teatro da Cornuc\u00f3pia","url":"https:\/\/terradasideias.net\/teatro-cornucopia\/","logo":{"@type":"ImageObject","inLanguage":"en-US","@id":"https:\/\/terradasideias.net\/teatro-cornucopia\/#\/schema\/logo\/image\/","url":"https:\/\/terradasideias.net\/teatro-cornucopia\/wp-content\/uploads\/2024\/05\/logo-Teatro-da-cornucopiaC-positivo-vermelho.svg","contentUrl":"https:\/\/terradasideias.net\/teatro-cornucopia\/wp-content\/uploads\/2024\/05\/logo-Teatro-da-cornucopiaC-positivo-vermelho.svg","width":804,"height":358,"caption":"Teatro da Cornuc\u00f3pia"},"image":{"@id":"https:\/\/terradasideias.net\/teatro-cornucopia\/#\/schema\/logo\/image\/"}}]}},"uagb_featured_image_src":{"full":false,"thumbnail":false,"medium":false,"medium_large":false,"large":false,"1536x1536":false,"2048x2048":false},"uagb_author_info":{"display_name":"admin","author_link":"https:\/\/terradasideias.net\/teatro-cornucopia\/index.php\/author\/admin_tdcornu\/"},"uagb_comment_info":0,"uagb_excerpt":"Teatro do Bairro Alto: A Casa Teatro do Bairro Alto Localiza\u00e7\u00e3o Teatro do Bairro Alto O Teatro do Bairro Alto (antigo Centro de Amadores de Ballet) foi, desde o in\u00edcio de 1975 at\u00e9 ao final de 2016, a sede do Teatro da Cornuc\u00f3pia. Este espa\u00e7o foi cedido \u00e0 Companhia pelo seu propriet\u00e1rio Dr. Machado de&hellip;","_links":{"self":[{"href":"https:\/\/terradasideias.net\/teatro-cornucopia\/index.php\/wp-json\/wp\/v2\/pages\/1630","targetHints":{"allow":["GET"]}}],"collection":[{"href":"https:\/\/terradasideias.net\/teatro-cornucopia\/index.php\/wp-json\/wp\/v2\/pages"}],"about":[{"href":"https:\/\/terradasideias.net\/teatro-cornucopia\/index.php\/wp-json\/wp\/v2\/types\/page"}],"author":[{"embeddable":true,"href":"https:\/\/terradasideias.net\/teatro-cornucopia\/index.php\/wp-json\/wp\/v2\/users\/1"}],"replies":[{"embeddable":true,"href":"https:\/\/terradasideias.net\/teatro-cornucopia\/index.php\/wp-json\/wp\/v2\/comments?post=1630"}],"version-history":[{"count":54,"href":"https:\/\/terradasideias.net\/teatro-cornucopia\/index.php\/wp-json\/wp\/v2\/pages\/1630\/revisions"}],"predecessor-version":[{"id":2067,"href":"https:\/\/terradasideias.net\/teatro-cornucopia\/index.php\/wp-json\/wp\/v2\/pages\/1630\/revisions\/2067"}],"wp:attachment":[{"href":"https:\/\/terradasideias.net\/teatro-cornucopia\/index.php\/wp-json\/wp\/v2\/media?parent=1630"}],"wp:term":[{"taxonomy":"folder","embeddable":true,"href":"https:\/\/terradasideias.net\/teatro-cornucopia\/index.php\/wp-json\/wp\/v2\/folder?post=1630"}],"curies":[{"name":"wp","href":"https:\/\/api.w.org\/{rel}","templated":true}]}}