{"id":1647,"date":"2024-06-26T08:59:00","date_gmt":"2024-06-26T08:59:00","guid":{"rendered":"https:\/\/terradasideias.net\/teatro-cornucopia\/?page_id=1647"},"modified":"2024-07-15T16:14:24","modified_gmt":"2024-07-15T16:14:24","slug":"localizacao","status":"publish","type":"page","link":"https:\/\/terradasideias.net\/teatro-cornucopia\/index.php\/localizacao\/","title":{"rendered":"Localiza\u00e7\u00e3o"},"content":{"rendered":"\t\t<div data-elementor-type=\"wp-page\" data-elementor-id=\"1647\" class=\"elementor elementor-1647\" data-elementor-post-type=\"page\">\n\t\t\t\t<div class=\"elementor-element elementor-element-bc294f7 e-flex e-con-boxed e-con e-parent\" data-id=\"bc294f7\" data-element_type=\"container\" data-e-type=\"container\">\n\t\t\t\t\t<div class=\"e-con-inner\">\n\t\t<div class=\"elementor-element elementor-element-ab9a205 e-con-full e-flex e-con e-child\" data-id=\"ab9a205\" data-element_type=\"container\" data-e-type=\"container\">\n\t\t<div class=\"elementor-element elementor-element-9282190 e-con-full e-flex e-con e-child\" data-id=\"9282190\" data-element_type=\"container\" data-e-type=\"container\">\n\t\t\t\t<div class=\"elementor-element elementor-element-51ab2ea elementor-widget elementor-widget-heading\" data-id=\"51ab2ea\" data-element_type=\"widget\" data-e-type=\"widget\" data-widget_type=\"heading.default\">\n\t\t\t\t<div class=\"elementor-widget-container\">\n\t\t\t\t\t<h2 class=\"elementor-heading-title elementor-size-default\">Teatro do Bairro Alto: \nA Casa<\/h2>\t\t\t\t<\/div>\n\t\t\t\t<\/div>\n\t\t\t\t<\/div>\n\t\t<div class=\"elementor-element elementor-element-24b7946 e-con-full e-flex e-con e-child\" data-id=\"24b7946\" data-element_type=\"container\" data-e-type=\"container\">\n\t\t\t\t<div class=\"elementor-element elementor-element-34260f4 elementor-icon-list--layout-traditional elementor-list-item-link-full_width elementor-widget elementor-widget-icon-list\" data-id=\"34260f4\" data-element_type=\"widget\" data-e-type=\"widget\" data-widget_type=\"icon-list.default\">\n\t\t\t\t<div class=\"elementor-widget-container\">\n\t\t\t\t\t\t\t<ul class=\"elementor-icon-list-items\">\n\t\t\t\t\t\t\t<li class=\"elementor-icon-list-item\">\n\t\t\t\t\t\t\t\t\t\t\t<a href=\"https:\/\/terradasideias.net\/teatro-cornucopia\/\">\n\n\t\t\t\t\t\t\t\t\t\t\t\t<span class=\"elementor-icon-list-icon\">\n\t\t\t\t\t\t\t<svg aria-hidden=\"true\" class=\"e-font-icon-svg e-fas-circle\" viewBox=\"0 0 512 512\" xmlns=\"http:\/\/www.w3.org\/2000\/svg\"><path d=\"M256 8C119 8 8 119 8 256s111 248 248 248 248-111 248-248S393 8 256 8z\"><\/path><\/svg>\t\t\t\t\t\t<\/span>\n\t\t\t\t\t\t\t\t\t\t<span class=\"elementor-icon-list-text\">Teatro do Bairro Alto<\/span>\n\t\t\t\t\t\t\t\t\t\t\t<\/a>\n\t\t\t\t\t\t\t\t\t<\/li>\n\t\t\t\t\t\t\t\t<li class=\"elementor-icon-list-item\">\n\t\t\t\t\t\t\t\t\t\t\t<a href=\"https:\/\/terradasideias.net\/teatro-cornucopia\/index.php\/localizacao\/\">\n\n\t\t\t\t\t\t\t\t\t\t\t\t<span class=\"elementor-icon-list-icon\">\n\t\t\t\t\t\t\t<svg aria-hidden=\"true\" class=\"e-font-icon-svg e-fas-circle\" viewBox=\"0 0 512 512\" xmlns=\"http:\/\/www.w3.org\/2000\/svg\"><path d=\"M256 8C119 8 8 119 8 256s111 248 248 248 248-111 248-248S393 8 256 8z\"><\/path><\/svg>\t\t\t\t\t\t<\/span>\n\t\t\t\t\t\t\t\t\t\t<span class=\"elementor-icon-list-text\">Localiza\u00e7\u00e3o<\/span>\n\t\t\t\t\t\t\t\t\t\t\t<\/a>\n\t\t\t\t\t\t\t\t\t<\/li>\n\t\t\t\t\t\t<\/ul>\n\t\t\t\t\t\t<\/div>\n\t\t\t\t<\/div>\n\t\t\t\t<\/div>\n\t\t\t\t<\/div>\n\t\t<div class=\"elementor-element elementor-element-c49fc29 e-con-full e-flex e-con e-child\" data-id=\"c49fc29\" data-element_type=\"container\" data-e-type=\"container\">\n\t\t<div class=\"elementor-element elementor-element-0352e32 e-con-full e-flex e-con e-child\" data-id=\"0352e32\" data-element_type=\"container\" data-e-type=\"container\">\n\t\t\t\t<div class=\"elementor-element elementor-element-9e5710b elementor-widget elementor-widget-heading\" data-id=\"9e5710b\" data-element_type=\"widget\" data-e-type=\"widget\" data-widget_type=\"heading.default\">\n\t\t\t\t<div class=\"elementor-widget-container\">\n\t\t\t\t\t<h2 class=\"elementor-heading-title elementor-size-default\">Localiza\u00e7\u00e3o\n<\/h2>\t\t\t\t<\/div>\n\t\t\t\t<\/div>\n\t\t\t\t<div class=\"elementor-element elementor-element-f19878d elementor-widget elementor-widget-image\" data-id=\"f19878d\" data-element_type=\"widget\" data-e-type=\"widget\" data-widget_type=\"image.default\">\n\t\t\t\t<div class=\"elementor-widget-container\">\n\t\t\t\t\t\t\t\t\t\t\t\t\t\t\t<img fetchpriority=\"high\" decoding=\"async\" width=\"600\" height=\"548\" src=\"https:\/\/terradasideias.net\/teatro-cornucopia\/wp-content\/uploads\/2024\/06\/localizacao.jpg\" class=\"attachment-large size-large wp-image-1653\" alt=\"\" srcset=\"https:\/\/terradasideias.net\/teatro-cornucopia\/wp-content\/uploads\/2024\/06\/localizacao.jpg 600w, https:\/\/terradasideias.net\/teatro-cornucopia\/wp-content\/uploads\/2024\/06\/localizacao-300x274.jpg 300w\" sizes=\"(max-width: 600px) 100vw, 600px\" \/>\t\t\t\t\t\t\t\t\t\t\t\t\t\t\t<\/div>\n\t\t\t\t<\/div>\n\t\t\t\t<\/div>\n\t\t\t\t<div class=\"elementor-element elementor-element-b5b3bca elementor-widget elementor-widget-text-editor\" data-id=\"b5b3bca\" data-element_type=\"widget\" data-e-type=\"widget\" data-widget_type=\"text-editor.default\">\n\t\t\t\t<div class=\"elementor-widget-container\">\n\t\t\t\t\t\t\t\t\t<p>R. Ten. Raul Cascais 1 A, <br \/>1250-268 Lisboa, Portugal<\/p><p><strong>Metro<\/strong>: Esta\u00e7\u00e3o do Rato<br \/><strong>Autocarros<\/strong>: 38, 27, 20, 74, 49 e 58<br \/>Coordenadas GPS:<br \/><strong>Latitude<\/strong>: 39.639538\u00ba<br \/><strong>Longitude<\/strong>: -7.849731\u00ba<\/p>\t\t\t\t\t\t\t\t<\/div>\n\t\t\t\t<\/div>\n\t\t\t\t<div class=\"elementor-element elementor-element-b24d43d elementor-widget elementor-widget-text-editor\" data-id=\"b24d43d\" data-element_type=\"widget\" data-e-type=\"widget\" data-widget_type=\"text-editor.default\">\n\t\t\t\t<div class=\"elementor-widget-container\">\n\t\t\t\t\t\t\t\t\t<p><b>Morada<\/b>:<br \/>Rua Tenente Ra\u00fal Cascais, 1-A<br \/>1250-268 Lisboa, Portugal<\/p><p><b>Telefone<\/b>:<br \/>(00351) 21 396 15 15<\/p><p><b>E-mails<\/b>:<br \/>info@teatro-cornucopia.pt<br \/>bilheteira@teatro-cornucopia.pt<br \/>tecnica@teatro-cornucopia.pt<\/p>\t\t\t\t\t\t\t\t<\/div>\n\t\t\t\t<\/div>\n\t\t<div class=\"elementor-element elementor-element-58e5336 e-con-full e-flex e-con e-child\" data-id=\"58e5336\" data-element_type=\"container\" data-e-type=\"container\">\n\t\t\t\t<div class=\"elementor-element elementor-element-52c8e97 elementor-widget elementor-widget-google_maps\" data-id=\"52c8e97\" data-element_type=\"widget\" data-e-type=\"widget\" data-widget_type=\"google_maps.default\">\n\t\t\t\t<div class=\"elementor-widget-container\">\n\t\t\t\t\t\t\t<div class=\"elementor-custom-embed\">\n\t\t\t<iframe loading=\"lazy\"\n\t\t\t\t\tsrc=\"https:\/\/maps.google.com\/maps?q=Rua%20Tenente%20Ra%C3%BAl%20Cascais%2C%201-A%201250-268%20Lisboa%2C%20Portugal&#038;t=m&#038;z=19&#038;output=embed&#038;iwloc=near\"\n\t\t\t\t\ttitle=\"Rua Tenente Ra\u00fal Cascais, 1-A 1250-268 Lisboa, Portugal\"\n\t\t\t\t\taria-label=\"Rua Tenente Ra\u00fal Cascais, 1-A 1250-268 Lisboa, Portugal\"\n\t\t\t><\/iframe>\n\t\t<\/div>\n\t\t\t\t\t\t<\/div>\n\t\t\t\t<\/div>\n\t\t\t\t<div class=\"elementor-element elementor-element-fed6f43 elementor-widget elementor-widget-text-editor\" data-id=\"fed6f43\" data-element_type=\"widget\" data-e-type=\"widget\" data-widget_type=\"text-editor.default\">\n\t\t\t\t<div class=\"elementor-widget-container\">\n\t\t\t\t\t\t\t\t\t<p><strong>Coordenadas GPS<\/strong><br \/>Latitude: 39.639538\u00ba<br \/>Longitude: -7.849731\u00ba<\/p>\t\t\t\t\t\t\t\t<\/div>\n\t\t\t\t<\/div>\n\t\t\t\t<\/div>\n\t\t\t\t<\/div>\n\t\t\t\t\t<\/div>\n\t\t\t\t<\/div>\n\t\t\t\t<\/div>\n\t\t","protected":false},"excerpt":{"rendered":"<p>Teatro do Bairro Alto: A Casa Teatro do Bairro Alto Localiza\u00e7\u00e3o Localiza\u00e7\u00e3o R. Ten. Raul Cascais 1 A, 1250-268 Lisboa, Portugal Metro: Esta\u00e7\u00e3o do RatoAutocarros: 38, 27, 20, 74, 49 e 58Coordenadas GPS:Latitude: 39.639538\u00baLongitude: -7.849731\u00ba Morada:Rua Tenente Ra\u00fal Cascais, 1-A1250-268 Lisboa, Portugal Telefone:(00351) 21 396 15 15 E-mails:info@teatro-cornucopia.ptbilheteira@teatro-cornucopia.pttecnica@teatro-cornucopia.pt Coordenadas GPSLatitude: 39.639538\u00baLongitude: -7.849731\u00ba<\/p>\n","protected":false},"author":1,"featured_media":0,"parent":0,"menu_order":0,"comment_status":"closed","ping_status":"closed","template":"","meta":{"_uag_custom_page_level_css":"","footnotes":""},"folder":[],"class_list":["post-1647","page","type-page","status-publish","hentry"],"yoast_head":"<!-- This site is optimized with the Yoast SEO plugin v27.5 - https:\/\/yoast.com\/product\/yoast-seo-wordpress\/ -->\n<title>Localiza\u00e7\u00e3o - Teatro da Cornuc\u00f3pia<\/title>\n<meta name=\"robots\" content=\"index, follow, max-snippet:-1, max-image-preview:large, max-video-preview:-1\" \/>\n<link rel=\"canonical\" href=\"https:\/\/terradasideias.net\/teatro-cornucopia\/index.php\/localizacao\/\" \/>\n<meta property=\"og:locale\" content=\"en_US\" \/>\n<meta property=\"og:type\" content=\"article\" \/>\n<meta property=\"og:title\" content=\"Localiza\u00e7\u00e3o - Teatro da Cornuc\u00f3pia\" \/>\n<meta property=\"og:description\" content=\"Teatro do Bairro Alto: A Casa Teatro do Bairro Alto Localiza\u00e7\u00e3o Localiza\u00e7\u00e3o R. Ten. Raul Cascais 1 A, 1250-268 Lisboa, Portugal Metro: Esta\u00e7\u00e3o do RatoAutocarros: 38, 27, 20, 74, 49 e 58Coordenadas GPS:Latitude: 39.639538\u00baLongitude: -7.849731\u00ba Morada:Rua Tenente Ra\u00fal Cascais, 1-A1250-268 Lisboa, Portugal Telefone:(00351) 21 396 15 15 E-mails:info@teatro-cornucopia.ptbilheteira@teatro-cornucopia.pttecnica@teatro-cornucopia.pt Coordenadas GPSLatitude: 39.639538\u00baLongitude: -7.849731\u00ba\" \/>\n<meta property=\"og:url\" content=\"https:\/\/terradasideias.net\/teatro-cornucopia\/index.php\/localizacao\/\" \/>\n<meta property=\"og:site_name\" content=\"Teatro da Cornuc\u00f3pia\" \/>\n<meta property=\"article:modified_time\" content=\"2024-07-15T16:14:24+00:00\" \/>\n<meta property=\"og:image\" content=\"https:\/\/terradasideias.net\/teatro-cornucopia\/wp-content\/uploads\/2024\/06\/localizacao.jpg\" \/>\n<meta name=\"twitter:card\" content=\"summary_large_image\" \/>\n<meta name=\"twitter:label1\" content=\"Est. reading time\" \/>\n\t<meta name=\"twitter:data1\" content=\"1 minute\" \/>\n<script type=\"application\/ld+json\" class=\"yoast-schema-graph\">{\"@context\":\"https:\\\/\\\/schema.org\",\"@graph\":[{\"@type\":\"WebPage\",\"@id\":\"https:\\\/\\\/terradasideias.net\\\/teatro-cornucopia\\\/index.php\\\/localizacao\\\/\",\"url\":\"https:\\\/\\\/terradasideias.net\\\/teatro-cornucopia\\\/index.php\\\/localizacao\\\/\",\"name\":\"Localiza\u00e7\u00e3o - Teatro da Cornuc\u00f3pia\",\"isPartOf\":{\"@id\":\"https:\\\/\\\/terradasideias.net\\\/teatro-cornucopia\\\/#website\"},\"primaryImageOfPage\":{\"@id\":\"https:\\\/\\\/terradasideias.net\\\/teatro-cornucopia\\\/index.php\\\/localizacao\\\/#primaryimage\"},\"image\":{\"@id\":\"https:\\\/\\\/terradasideias.net\\\/teatro-cornucopia\\\/index.php\\\/localizacao\\\/#primaryimage\"},\"thumbnailUrl\":\"https:\\\/\\\/terradasideias.net\\\/teatro-cornucopia\\\/wp-content\\\/uploads\\\/2024\\\/06\\\/localizacao.jpg\",\"datePublished\":\"2024-06-26T08:59:00+00:00\",\"dateModified\":\"2024-07-15T16:14:24+00:00\",\"breadcrumb\":{\"@id\":\"https:\\\/\\\/terradasideias.net\\\/teatro-cornucopia\\\/index.php\\\/localizacao\\\/#breadcrumb\"},\"inLanguage\":\"en-US\",\"potentialAction\":[{\"@type\":\"ReadAction\",\"target\":[\"https:\\\/\\\/terradasideias.net\\\/teatro-cornucopia\\\/index.php\\\/localizacao\\\/\"]}]},{\"@type\":\"ImageObject\",\"inLanguage\":\"en-US\",\"@id\":\"https:\\\/\\\/terradasideias.net\\\/teatro-cornucopia\\\/index.php\\\/localizacao\\\/#primaryimage\",\"url\":\"https:\\\/\\\/terradasideias.net\\\/teatro-cornucopia\\\/wp-content\\\/uploads\\\/2024\\\/06\\\/localizacao.jpg\",\"contentUrl\":\"https:\\\/\\\/terradasideias.net\\\/teatro-cornucopia\\\/wp-content\\\/uploads\\\/2024\\\/06\\\/localizacao.jpg\",\"width\":600,\"height\":548},{\"@type\":\"BreadcrumbList\",\"@id\":\"https:\\\/\\\/terradasideias.net\\\/teatro-cornucopia\\\/index.php\\\/localizacao\\\/#breadcrumb\",\"itemListElement\":[{\"@type\":\"ListItem\",\"position\":1,\"name\":\"In\u00edcio\",\"item\":\"https:\\\/\\\/terradasideias.net\\\/teatro-cornucopia\\\/\"},{\"@type\":\"ListItem\",\"position\":2,\"name\":\"Localiza\u00e7\u00e3o\"}]},{\"@type\":\"WebSite\",\"@id\":\"https:\\\/\\\/terradasideias.net\\\/teatro-cornucopia\\\/#website\",\"url\":\"https:\\\/\\\/terradasideias.net\\\/teatro-cornucopia\\\/\",\"name\":\"Teatro da Cornuc\u00f3pia\",\"description\":\"\",\"publisher\":{\"@id\":\"https:\\\/\\\/terradasideias.net\\\/teatro-cornucopia\\\/#organization\"},\"potentialAction\":[{\"@type\":\"SearchAction\",\"target\":{\"@type\":\"EntryPoint\",\"urlTemplate\":\"https:\\\/\\\/terradasideias.net\\\/teatro-cornucopia\\\/?s={search_term_string}\"},\"query-input\":{\"@type\":\"PropertyValueSpecification\",\"valueRequired\":true,\"valueName\":\"search_term_string\"}}],\"inLanguage\":\"en-US\"},{\"@type\":\"Organization\",\"@id\":\"https:\\\/\\\/terradasideias.net\\\/teatro-cornucopia\\\/#organization\",\"name\":\"Teatro da Cornuc\u00f3pia\",\"url\":\"https:\\\/\\\/terradasideias.net\\\/teatro-cornucopia\\\/\",\"logo\":{\"@type\":\"ImageObject\",\"inLanguage\":\"en-US\",\"@id\":\"https:\\\/\\\/terradasideias.net\\\/teatro-cornucopia\\\/#\\\/schema\\\/logo\\\/image\\\/\",\"url\":\"https:\\\/\\\/terradasideias.net\\\/teatro-cornucopia\\\/wp-content\\\/uploads\\\/2024\\\/05\\\/logo-Teatro-da-cornucopiaC-positivo-vermelho.svg\",\"contentUrl\":\"https:\\\/\\\/terradasideias.net\\\/teatro-cornucopia\\\/wp-content\\\/uploads\\\/2024\\\/05\\\/logo-Teatro-da-cornucopiaC-positivo-vermelho.svg\",\"width\":804,\"height\":358,\"caption\":\"Teatro da Cornuc\u00f3pia\"},\"image\":{\"@id\":\"https:\\\/\\\/terradasideias.net\\\/teatro-cornucopia\\\/#\\\/schema\\\/logo\\\/image\\\/\"}}]}<\/script>\n<!-- \/ Yoast SEO plugin. -->","yoast_head_json":{"title":"Localiza\u00e7\u00e3o - Teatro da Cornuc\u00f3pia","robots":{"index":"index","follow":"follow","max-snippet":"max-snippet:-1","max-image-preview":"max-image-preview:large","max-video-preview":"max-video-preview:-1"},"canonical":"https:\/\/terradasideias.net\/teatro-cornucopia\/index.php\/localizacao\/","og_locale":"en_US","og_type":"article","og_title":"Localiza\u00e7\u00e3o - Teatro da Cornuc\u00f3pia","og_description":"Teatro do Bairro Alto: A Casa Teatro do Bairro Alto Localiza\u00e7\u00e3o Localiza\u00e7\u00e3o R. Ten. Raul Cascais 1 A, 1250-268 Lisboa, Portugal Metro: Esta\u00e7\u00e3o do RatoAutocarros: 38, 27, 20, 74, 49 e 58Coordenadas GPS:Latitude: 39.639538\u00baLongitude: -7.849731\u00ba Morada:Rua Tenente Ra\u00fal Cascais, 1-A1250-268 Lisboa, Portugal Telefone:(00351) 21 396 15 15 E-mails:info@teatro-cornucopia.ptbilheteira@teatro-cornucopia.pttecnica@teatro-cornucopia.pt Coordenadas GPSLatitude: 39.639538\u00baLongitude: -7.849731\u00ba","og_url":"https:\/\/terradasideias.net\/teatro-cornucopia\/index.php\/localizacao\/","og_site_name":"Teatro da Cornuc\u00f3pia","article_modified_time":"2024-07-15T16:14:24+00:00","og_image":[{"url":"https:\/\/terradasideias.net\/teatro-cornucopia\/wp-content\/uploads\/2024\/06\/localizacao.jpg","type":"","width":"","height":""}],"twitter_card":"summary_large_image","twitter_misc":{"Est. reading time":"1 minute"},"schema":{"@context":"https:\/\/schema.org","@graph":[{"@type":"WebPage","@id":"https:\/\/terradasideias.net\/teatro-cornucopia\/index.php\/localizacao\/","url":"https:\/\/terradasideias.net\/teatro-cornucopia\/index.php\/localizacao\/","name":"Localiza\u00e7\u00e3o - Teatro da Cornuc\u00f3pia","isPartOf":{"@id":"https:\/\/terradasideias.net\/teatro-cornucopia\/#website"},"primaryImageOfPage":{"@id":"https:\/\/terradasideias.net\/teatro-cornucopia\/index.php\/localizacao\/#primaryimage"},"image":{"@id":"https:\/\/terradasideias.net\/teatro-cornucopia\/index.php\/localizacao\/#primaryimage"},"thumbnailUrl":"https:\/\/terradasideias.net\/teatro-cornucopia\/wp-content\/uploads\/2024\/06\/localizacao.jpg","datePublished":"2024-06-26T08:59:00+00:00","dateModified":"2024-07-15T16:14:24+00:00","breadcrumb":{"@id":"https:\/\/terradasideias.net\/teatro-cornucopia\/index.php\/localizacao\/#breadcrumb"},"inLanguage":"en-US","potentialAction":[{"@type":"ReadAction","target":["https:\/\/terradasideias.net\/teatro-cornucopia\/index.php\/localizacao\/"]}]},{"@type":"ImageObject","inLanguage":"en-US","@id":"https:\/\/terradasideias.net\/teatro-cornucopia\/index.php\/localizacao\/#primaryimage","url":"https:\/\/terradasideias.net\/teatro-cornucopia\/wp-content\/uploads\/2024\/06\/localizacao.jpg","contentUrl":"https:\/\/terradasideias.net\/teatro-cornucopia\/wp-content\/uploads\/2024\/06\/localizacao.jpg","width":600,"height":548},{"@type":"BreadcrumbList","@id":"https:\/\/terradasideias.net\/teatro-cornucopia\/index.php\/localizacao\/#breadcrumb","itemListElement":[{"@type":"ListItem","position":1,"name":"In\u00edcio","item":"https:\/\/terradasideias.net\/teatro-cornucopia\/"},{"@type":"ListItem","position":2,"name":"Localiza\u00e7\u00e3o"}]},{"@type":"WebSite","@id":"https:\/\/terradasideias.net\/teatro-cornucopia\/#website","url":"https:\/\/terradasideias.net\/teatro-cornucopia\/","name":"Teatro da Cornuc\u00f3pia","description":"","publisher":{"@id":"https:\/\/terradasideias.net\/teatro-cornucopia\/#organization"},"potentialAction":[{"@type":"SearchAction","target":{"@type":"EntryPoint","urlTemplate":"https:\/\/terradasideias.net\/teatro-cornucopia\/?s={search_term_string}"},"query-input":{"@type":"PropertyValueSpecification","valueRequired":true,"valueName":"search_term_string"}}],"inLanguage":"en-US"},{"@type":"Organization","@id":"https:\/\/terradasideias.net\/teatro-cornucopia\/#organization","name":"Teatro da Cornuc\u00f3pia","url":"https:\/\/terradasideias.net\/teatro-cornucopia\/","logo":{"@type":"ImageObject","inLanguage":"en-US","@id":"https:\/\/terradasideias.net\/teatro-cornucopia\/#\/schema\/logo\/image\/","url":"https:\/\/terradasideias.net\/teatro-cornucopia\/wp-content\/uploads\/2024\/05\/logo-Teatro-da-cornucopiaC-positivo-vermelho.svg","contentUrl":"https:\/\/terradasideias.net\/teatro-cornucopia\/wp-content\/uploads\/2024\/05\/logo-Teatro-da-cornucopiaC-positivo-vermelho.svg","width":804,"height":358,"caption":"Teatro da Cornuc\u00f3pia"},"image":{"@id":"https:\/\/terradasideias.net\/teatro-cornucopia\/#\/schema\/logo\/image\/"}}]}},"uagb_featured_image_src":{"full":false,"thumbnail":false,"medium":false,"medium_large":false,"large":false,"1536x1536":false,"2048x2048":false},"uagb_author_info":{"display_name":"admin","author_link":"https:\/\/terradasideias.net\/teatro-cornucopia\/index.php\/author\/admin_tdcornu\/"},"uagb_comment_info":0,"uagb_excerpt":"Teatro do Bairro Alto: A Casa Teatro do Bairro Alto Localiza\u00e7\u00e3o Localiza\u00e7\u00e3o R. Ten. Raul Cascais 1 A, 1250-268 Lisboa, Portugal Metro: Esta\u00e7\u00e3o do RatoAutocarros: 38, 27, 20, 74, 49 e 58Coordenadas GPS:Latitude: 39.639538\u00baLongitude: -7.849731\u00ba Morada:Rua Tenente Ra\u00fal Cascais, 1-A1250-268 Lisboa, Portugal Telefone:(00351) 21 396 15 15 E-mails:info@teatro-cornucopia.ptbilheteira@teatro-cornucopia.pttecnica@teatro-cornucopia.pt Coordenadas GPSLatitude: 39.639538\u00baLongitude: -7.849731\u00ba","_links":{"self":[{"href":"https:\/\/terradasideias.net\/teatro-cornucopia\/index.php\/wp-json\/wp\/v2\/pages\/1647","targetHints":{"allow":["GET"]}}],"collection":[{"href":"https:\/\/terradasideias.net\/teatro-cornucopia\/index.php\/wp-json\/wp\/v2\/pages"}],"about":[{"href":"https:\/\/terradasideias.net\/teatro-cornucopia\/index.php\/wp-json\/wp\/v2\/types\/page"}],"author":[{"embeddable":true,"href":"https:\/\/terradasideias.net\/teatro-cornucopia\/index.php\/wp-json\/wp\/v2\/users\/1"}],"replies":[{"embeddable":true,"href":"https:\/\/terradasideias.net\/teatro-cornucopia\/index.php\/wp-json\/wp\/v2\/comments?post=1647"}],"version-history":[{"count":38,"href":"https:\/\/terradasideias.net\/teatro-cornucopia\/index.php\/wp-json\/wp\/v2\/pages\/1647\/revisions"}],"predecessor-version":[{"id":2106,"href":"https:\/\/terradasideias.net\/teatro-cornucopia\/index.php\/wp-json\/wp\/v2\/pages\/1647\/revisions\/2106"}],"wp:attachment":[{"href":"https:\/\/terradasideias.net\/teatro-cornucopia\/index.php\/wp-json\/wp\/v2\/media?parent=1647"}],"wp:term":[{"taxonomy":"folder","embeddable":true,"href":"https:\/\/terradasideias.net\/teatro-cornucopia\/index.php\/wp-json\/wp\/v2\/folder?post=1647"}],"curies":[{"name":"wp","href":"https:\/\/api.w.org\/{rel}","templated":true}]}}